{"id":32,"date":"2019-11-21T15:53:19","date_gmt":"2019-11-21T15:53:19","guid":{"rendered":"https:\/\/thomas-heuberg.de\/?page_id=32"},"modified":"2019-11-21T15:53:43","modified_gmt":"2019-11-21T15:53:43","slug":"impressum","status":"publish","type":"page","link":"https:\/\/thomas-heuberg.de\/en\/impressum","title":{"rendered":"Privacy policy"},"content":{"rendered":"<table class=\"contentpaneopen\">\n<tbody>\n<tr>\n<td class=\"contentheading\" width=\"100%\"><strong>Thomas Heuberg GmbH<\/strong><\/p>\n<p>Leonhard-Mezler-Weg 8<br \/>\n74821 Mosbach<\/p>\n<p><strong>Telefon:<\/strong>\u00a0+49 6261 15539<br \/>\n<strong>Telefax<\/strong>: +49 6261 917455<br \/>\n<strong>Mobil<\/strong>: +49 170 9561016<\/p>\n<p><strong>eMail:<\/strong>\u00a0<a href=\"mailto:info@thomas-heuberg.de\">info@thomas-heuberg.de<\/a><br \/>\n<strong>Internet:<\/strong>\u00a0www.thomas-heuberg.de<\/p>\n<p><strong>Gesch\u00e4ftsf\u00fchrer<\/strong><br \/>\nThomas Heuberg<\/p>\n<p><strong>Registergericht:<\/strong>\u00a0Amtsgericht Mosbach<br \/>\n<strong>Registernummer:<\/strong>\u00a0HRB-Nr. 441724<\/p>\n<p>&nbsp;<\/p>\n<p>Umsatzsteuer-Identifikationsnummer gem\u00e4\u00df \u00a7 27 a<br \/>\n<strong>USt.Ident-Nr:<\/strong>\u00a0DE224351871<\/p>\n<p><strong>Haftungshinweis:<\/strong><br \/>\nTrotz sorgf\u00e4ltiger inhaltlicher Kontrolle \u00fcbernehmen wir keine Haftung f\u00fcr die Inhalte externer Links. F\u00fcr den Inhalt der verlinkten Seiten sind ausschlie\u00dflich deren Betreiber verantwortlich.<\/td>\n<\/tr>\n<\/tbody>\n<\/table>","protected":false},"excerpt":{"rendered":"<p>Thomas Heuberg GmbH Leonhard-Mezler-Weg 8 74821 Mosbach Telefon:\u00a0+49 6261 15539 Telefax: +49 6261 917455 Mobil: +49 170 9561016 eMail:\u00a0info@thomas-heuberg.de Internet:\u00a0www.thomas-heuberg.de Gesch\u00e4ftsf\u00fchrer Thomas Heuberg Registergericht:\u00a0Amtsgericht Mosbach Registernummer:\u00a0HRB-Nr. 441724 &nbsp; Umsatzsteuer-Identifikationsnummer gem\u00e4\u00df \u00a7 27 a USt.Ident-Nr:\u00a0DE224351871 Haftungshinweis: Trotz sorgf\u00e4ltiger inhaltlicher Kontrolle \u00fcbernehmen wir keine Haftung f\u00fcr die Inhalte externer Links. F\u00fcr den Inhalt der verlinkten Seiten sind [&hellip;]<\/p>","protected":false},"author":1,"featured_media":0,"parent":0,"menu_order":0,"comment_status":"closed","ping_status":"closed","template":"","meta":{"footnotes":""},"class_list":["post-32","page","type-page","status-publish","hentry","post"],"_links":{"self":[{"href":"https:\/\/thomas-heuberg.de\/en\/wp-json\/wp\/v2\/pages\/32","targetHints":{"allow":["GET"]}}],"collection":[{"href":"https:\/\/thomas-heuberg.de\/en\/wp-json\/wp\/v2\/pages"}],"about":[{"href":"https:\/\/thomas-heuberg.de\/en\/wp-json\/wp\/v2\/types\/page"}],"author":[{"embeddable":true,"href":"https:\/\/thomas-heuberg.de\/en\/wp-json\/wp\/v2\/users\/1"}],"replies":[{"embeddable":true,"href":"https:\/\/thomas-heuberg.de\/en\/wp-json\/wp\/v2\/comments?post=32"}],"version-history":[{"count":1,"href":"https:\/\/thomas-heuberg.de\/en\/wp-json\/wp\/v2\/pages\/32\/revisions"}],"predecessor-version":[{"id":33,"href":"https:\/\/thomas-heuberg.de\/en\/wp-json\/wp\/v2\/pages\/32\/revisions\/33"}],"wp:attachment":[{"href":"https:\/\/thomas-heuberg.de\/en\/wp-json\/wp\/v2\/media?parent=32"}],"curies":[{"name":"wp","href":"https:\/\/api.w.org\/{rel}","templated":true}]}}