{"id":413,"date":"2019-12-10T12:18:04","date_gmt":"2019-12-10T12:18:04","guid":{"rendered":"https:\/\/thomas-heuberg.de\/?page_id=413"},"modified":"2019-12-10T14:26:38","modified_gmt":"2019-12-10T14:26:38","slug":"ueber-uns","status":"publish","type":"page","link":"https:\/\/thomas-heuberg.de\/en\/ueber-uns","title":{"rendered":"About us"},"content":{"rendered":"<div data-elementor-type=\"wp-page\" data-elementor-id=\"413\" class=\"elementor elementor-413\">\n\t\t\t\t\t\t<section class=\"elementor-section elementor-top-section elementor-element elementor-element-0eb2f61 elementor-section-boxed elementor-section-height-default elementor-section-height-default\" data-id=\"0eb2f61\" data-element_type=\"section\">\n\t\t\t\t\t\t<div class=\"elementor-container elementor-column-gap-default\">\n\t\t\t\t\t<div class=\"elementor-column elementor-col-100 elementor-top-column elementor-element elementor-element-412dfd0\" data-id=\"412dfd0\" data-element_type=\"column\">\n\t\t\t<div class=\"elementor-widget-wrap elementor-element-populated\">\n\t\t\t\t\t\t<div class=\"elementor-element elementor-element-90465bb elementor-widget elementor-widget-heading\" data-id=\"90465bb\" data-element_type=\"widget\" data-widget_type=\"heading.default\">\n\t\t\t\t<div class=\"elementor-widget-container\">\n\t\t\t\t\t<h2 class=\"elementor-heading-title elementor-size-large\">About us<\/h2>\t\t\t\t<\/div>\n\t\t\t\t<\/div>\n\t\t\t\t\t<\/div>\n\t\t<\/div>\n\t\t\t\t\t<\/div>\n\t\t<\/section>\n\t\t\t\t<section class=\"elementor-section elementor-top-section elementor-element elementor-element-49007cf elementor-section-boxed elementor-section-height-default elementor-section-height-default\" data-id=\"49007cf\" data-element_type=\"section\">\n\t\t\t\t\t\t<div class=\"elementor-container elementor-column-gap-default\">\n\t\t\t\t\t<div class=\"elementor-column elementor-col-33 elementor-top-column elementor-element elementor-element-3ab2a4e\" data-id=\"3ab2a4e\" data-element_type=\"column\">\n\t\t\t<div class=\"elementor-widget-wrap elementor-element-populated\">\n\t\t\t\t\t\t<div class=\"elementor-element elementor-element-7e8b884 elementor-widget elementor-widget-image\" data-id=\"7e8b884\" data-element_type=\"widget\" data-widget_type=\"image.default\">\n\t\t\t\t<div class=\"elementor-widget-container\">\n\t\t\t\t\t\t\t\t\t\t\t\t\t\t\t<img decoding=\"async\" src=\"https:\/\/thomas-heuberg.de\/wp-content\/uploads\/2019\/12\/Versuchsbild1.jpg\" title=\"Versuchsbild1\" alt=\"Versuchsbild1\" loading=\"lazy\" \/>\t\t\t\t\t\t\t\t\t\t\t\t\t\t\t<\/div>\n\t\t\t\t<\/div>\n\t\t\t\t\t<\/div>\n\t\t<\/div>\n\t\t\t\t<div class=\"elementor-column elementor-col-66 elementor-top-column elementor-element elementor-element-0a8bd3b\" data-id=\"0a8bd3b\" data-element_type=\"column\">\n\t\t\t<div class=\"elementor-widget-wrap elementor-element-populated\">\n\t\t\t\t\t\t<div class=\"elementor-element elementor-element-15e66ea elementor-widget elementor-widget-text-editor\" data-id=\"15e66ea\" data-element_type=\"widget\" data-widget_type=\"text-editor.default\">\n\t\t\t\t<div class=\"elementor-widget-container\">\n\t\t\t\t\t\t\t\t\t<p><span style=\"font-size: 16pt; font-family: georgia, palatino, serif;\">After completing my apprenticeship as an engraver and the subsequent examination for the master craftsman certificate in Nuremberg, I continued my professional career as a gunsmith and enlarged my competences in gunsmithing by completing a second master craftsman certificate in this field which took place in Suhl, Germany.<\/span><\/p><p><span style=\"font-size: 16pt; font-family: georgia, palatino, serif;\">Thanks to my highly modern and extensive machinery, I am able to design and manufacture all parts for the construction of my weapons myself in my workshop.<\/span><\/p><p><span style=\"font-size: 16pt; font-family: georgia, palatino, serif;\">My specialties are guns with Nimrod nose lock and Nimrod side locks. However, my range of services is not limited to Nimrod hunting weapons. I manufacture all types of single shot rifles and block rifles on customer request.<\/span><\/p><p><span style=\"font-size: 16pt; font-family: georgia, palatino, serif;\">Furthermore, I carry out all repairs and scope mountings in my workshop in best quality.<\/span><\/p>\t\t\t\t\t\t\t\t<\/div>\n\t\t\t\t<\/div>\n\t\t\t\t\t<\/div>\n\t\t<\/div>\n\t\t\t\t\t<\/div>\n\t\t<\/section>\n\t\t\t\t<\/div>","protected":false},"excerpt":{"rendered":"<p>\u00dcber Uns Nach meiner abgeschlossenen Berufsausbildung als Graveur und anschlie\u00dfender Meisterpr\u00fcfung in N\u00fcrnberg habe ich meinen beruflichen Werdegang als B\u00fcchsenmacher fortgesetzt und diesen mit der Meisterpr\u00fcfung in Suhl beendet. Dank meines hochmodernen und umfangreichen Maschinenparks bin ich in der Lage s\u00e4mtliche Teile f\u00fcr den Bau meiner Waffen im eigenen Hause zu konstruieren und zu fertigen. [&hellip;]<\/p>","protected":false},"author":1,"featured_media":0,"parent":0,"menu_order":0,"comment_status":"closed","ping_status":"closed","template":"","meta":{"footnotes":""},"class_list":["post-413","page","type-page","status-publish","hentry","post"],"_links":{"self":[{"href":"https:\/\/thomas-heuberg.de\/en\/wp-json\/wp\/v2\/pages\/413","targetHints":{"allow":["GET"]}}],"collection":[{"href":"https:\/\/thomas-heuberg.de\/en\/wp-json\/wp\/v2\/pages"}],"about":[{"href":"https:\/\/thomas-heuberg.de\/en\/wp-json\/wp\/v2\/types\/page"}],"author":[{"embeddable":true,"href":"https:\/\/thomas-heuberg.de\/en\/wp-json\/wp\/v2\/users\/1"}],"replies":[{"embeddable":true,"href":"https:\/\/thomas-heuberg.de\/en\/wp-json\/wp\/v2\/comments?post=413"}],"version-history":[{"count":9,"href":"https:\/\/thomas-heuberg.de\/en\/wp-json\/wp\/v2\/pages\/413\/revisions"}],"predecessor-version":[{"id":508,"href":"https:\/\/thomas-heuberg.de\/en\/wp-json\/wp\/v2\/pages\/413\/revisions\/508"}],"wp:attachment":[{"href":"https:\/\/thomas-heuberg.de\/en\/wp-json\/wp\/v2\/media?parent=413"}],"curies":[{"name":"wp","href":"https:\/\/api.w.org\/{rel}","templated":true}]}}