{"id":421,"date":"2019-12-10T12:24:32","date_gmt":"2019-12-10T12:24:32","guid":{"rendered":"https:\/\/thomas-heuberg.de\/?page_id=421"},"modified":"2025-07-22T13:55:12","modified_gmt":"2025-07-22T13:55:12","slug":"kipplaufwaffen","status":"publish","type":"page","link":"https:\/\/thomas-heuberg.de\/en\/kipplaufwaffen","title":{"rendered":"Break Open Rifles"},"content":{"rendered":"<div data-elementor-type=\"wp-page\" data-elementor-id=\"421\" class=\"elementor elementor-421\">\n\t\t\t\t\t\t<section class=\"elementor-section elementor-top-section elementor-element elementor-element-22031eb elementor-section-boxed elementor-section-height-default elementor-section-height-default\" data-id=\"22031eb\" data-element_type=\"section\">\n\t\t\t\t\t\t<div class=\"elementor-container elementor-column-gap-default\">\n\t\t\t\t\t<div class=\"elementor-column elementor-col-100 elementor-top-column elementor-element elementor-element-0af626e\" data-id=\"0af626e\" data-element_type=\"column\">\n\t\t\t<div class=\"elementor-widget-wrap elementor-element-populated\">\n\t\t\t\t\t\t<div class=\"elementor-element elementor-element-af60e90 elementor-widget elementor-widget-heading\" data-id=\"af60e90\" data-element_type=\"widget\" data-widget_type=\"heading.default\">\n\t\t\t\t<div class=\"elementor-widget-container\">\n\t\t\t\t\t<h2 class=\"elementor-heading-title elementor-size-large\">Our  Break open rifles<\/h2>\t\t\t\t<\/div>\n\t\t\t\t<\/div>\n\t\t\t\t\t<\/div>\n\t\t<\/div>\n\t\t\t\t\t<\/div>\n\t\t<\/section>\n\t\t\t\t<section class=\"elementor-section elementor-top-section elementor-element elementor-element-1dd218e elementor-section-boxed elementor-section-height-default elementor-section-height-default\" data-id=\"1dd218e\" data-element_type=\"section\">\n\t\t\t\t\t\t<div class=\"elementor-container elementor-column-gap-default\">\n\t\t\t\t\t<div class=\"elementor-column elementor-col-100 elementor-top-column elementor-element elementor-element-8a272cd\" data-id=\"8a272cd\" data-element_type=\"column\">\n\t\t\t<div class=\"elementor-widget-wrap elementor-element-populated\">\n\t\t\t\t\t\t<section class=\"elementor-section elementor-inner-section elementor-element elementor-element-8994405 elementor-section-boxed elementor-section-height-default elementor-section-height-default\" data-id=\"8994405\" data-element_type=\"section\">\n\t\t\t\t\t\t<div class=\"elementor-container elementor-column-gap-default\">\n\t\t\t\t\t<div class=\"elementor-column elementor-col-50 elementor-inner-column elementor-element elementor-element-3d54e33\" data-id=\"3d54e33\" data-element_type=\"column\">\n\t\t\t<div class=\"elementor-widget-wrap elementor-element-populated\">\n\t\t\t\t\t\t<div class=\"elementor-element elementor-element-62be62d elementor-widget elementor-widget-image\" data-id=\"62be62d\" data-element_type=\"widget\" data-widget_type=\"image.default\">\n\t\t\t\t<div class=\"elementor-widget-container\">\n\t\t\t\t\t\t\t\t\t\t\t\t\t\t\t<img fetchpriority=\"high\" decoding=\"async\" width=\"720\" height=\"480\" src=\"https:\/\/thomas-heuberg.de\/wp-content\/uploads\/2025\/07\/3.jpg-1024x683.jpg\" class=\"attachment-large size-large wp-image-1015\" alt=\"\" srcset=\"https:\/\/thomas-heuberg.de\/wp-content\/uploads\/2025\/07\/3.jpg-1024x683.jpg 1024w, https:\/\/thomas-heuberg.de\/wp-content\/uploads\/2025\/07\/3.jpg-300x200.jpg 300w, https:\/\/thomas-heuberg.de\/wp-content\/uploads\/2025\/07\/3.jpg-768x512.jpg 768w, https:\/\/thomas-heuberg.de\/wp-content\/uploads\/2025\/07\/3.jpg-1536x1024.jpg 1536w, https:\/\/thomas-heuberg.de\/wp-content\/uploads\/2025\/07\/3.jpg-2048x1365.jpg 2048w, https:\/\/thomas-heuberg.de\/wp-content\/uploads\/2025\/07\/3.jpg-18x12.jpg 18w, https:\/\/thomas-heuberg.de\/wp-content\/uploads\/2025\/07\/3.jpg-272x182.jpg 272w\" sizes=\"(max-width: 720px) 100vw, 720px\" \/>\t\t\t\t\t\t\t\t\t\t\t\t\t\t\t<\/div>\n\t\t\t\t<\/div>\n\t\t\t\t\t<\/div>\n\t\t<\/div>\n\t\t\t\t<div class=\"elementor-column elementor-col-50 elementor-inner-column elementor-element elementor-element-9d18532\" data-id=\"9d18532\" data-element_type=\"column\">\n\t\t\t<div class=\"elementor-widget-wrap elementor-element-populated\">\n\t\t\t\t\t\t<div class=\"elementor-element elementor-element-99c8c53 elementor-widget elementor-widget-image\" data-id=\"99c8c53\" data-element_type=\"widget\" data-widget_type=\"image.default\">\n\t\t\t\t<div class=\"elementor-widget-container\">\n\t\t\t\t\t\t\t\t\t\t\t\t\t\t\t<img decoding=\"async\" width=\"720\" height=\"480\" src=\"https:\/\/thomas-heuberg.de\/wp-content\/uploads\/2025\/07\/7-1024x683.jpg\" class=\"attachment-large size-large wp-image-1009\" alt=\"\" srcset=\"https:\/\/thomas-heuberg.de\/wp-content\/uploads\/2025\/07\/7-1024x683.jpg 1024w, https:\/\/thomas-heuberg.de\/wp-content\/uploads\/2025\/07\/7-300x200.jpg 300w, https:\/\/thomas-heuberg.de\/wp-content\/uploads\/2025\/07\/7-768x512.jpg 768w, https:\/\/thomas-heuberg.de\/wp-content\/uploads\/2025\/07\/7-1536x1024.jpg 1536w, https:\/\/thomas-heuberg.de\/wp-content\/uploads\/2025\/07\/7-2048x1365.jpg 2048w, https:\/\/thomas-heuberg.de\/wp-content\/uploads\/2025\/07\/7-18x12.jpg 18w, https:\/\/thomas-heuberg.de\/wp-content\/uploads\/2025\/07\/7-272x182.jpg 272w\" sizes=\"(max-width: 720px) 100vw, 720px\" \/>\t\t\t\t\t\t\t\t\t\t\t\t\t\t\t<\/div>\n\t\t\t\t<\/div>\n\t\t\t\t\t<\/div>\n\t\t<\/div>\n\t\t\t\t\t<\/div>\n\t\t<\/section>\n\t\t\t\t\t<\/div>\n\t\t<\/div>\n\t\t\t\t\t<\/div>\n\t\t<\/section>\n\t\t\t\t<section class=\"elementor-section elementor-top-section elementor-element elementor-element-4dfce3b elementor-section-boxed elementor-section-height-default elementor-section-height-default\" data-id=\"4dfce3b\" data-element_type=\"section\">\n\t\t\t\t\t\t<div class=\"elementor-container elementor-column-gap-default\">\n\t\t\t\t\t<div class=\"elementor-column elementor-col-100 elementor-top-column elementor-element elementor-element-58dbd61\" data-id=\"58dbd61\" data-element_type=\"column\">\n\t\t\t<div class=\"elementor-widget-wrap elementor-element-populated\">\n\t\t\t\t\t\t<div class=\"elementor-element elementor-element-bcad4a3 elementor-widget elementor-widget-text-editor\" data-id=\"bcad4a3\" data-element_type=\"widget\" data-widget_type=\"text-editor.default\">\n\t\t\t\t<div class=\"elementor-widget-container\">\n\t\t\t\t\t\t\t\t\t<p><span style=\"font-size: 14pt;\">Diese Waffe hat das Kal..270 Win. , ist aber in allen CIP Kalibern herstellbar. Sie wird verriegelt mit einemKipp-Blockverschluss nach J\u00e4ger. Das \u00e4u\u00dfere Erscheinungsbild und die Muschelform so wie der lange Eisenvorderschaft sind im BOSS Style.<\/span><\/p><p><span style=\"font-size: 14pt;\">Verbaut wurde ein Seitenschloss nach Nimrod Art. Als weiteres Extra besitzt die Waffe einen abschaltbaren Ejektor.<\/span><\/p><p><span style=\"font-size: 14pt;\">Wie alle unsere Waffen verf\u00fcgt auch diese Waffe \u00fcber einen aus dem vollen Block gefr\u00e4sten Integrallauf den wir selbst spanabhebend fertigen.<\/span><\/p>\t\t\t\t\t\t\t\t<\/div>\n\t\t\t\t<\/div>\n\t\t\t\t\t<\/div>\n\t\t<\/div>\n\t\t\t\t\t<\/div>\n\t\t<\/section>\n\t\t\t\t<section class=\"elementor-section elementor-top-section elementor-element elementor-element-721c265 elementor-section-boxed elementor-section-height-default elementor-section-height-default\" data-id=\"721c265\" data-element_type=\"section\">\n\t\t\t\t\t\t<div class=\"elementor-container elementor-column-gap-default\">\n\t\t\t\t\t<div class=\"elementor-column elementor-col-50 elementor-top-column elementor-element elementor-element-055d6d6\" data-id=\"055d6d6\" data-element_type=\"column\">\n\t\t\t<div class=\"elementor-widget-wrap elementor-element-populated\">\n\t\t\t\t\t\t<div class=\"elementor-element elementor-element-1f63f1b elementor-widget elementor-widget-image\" data-id=\"1f63f1b\" data-element_type=\"widget\" data-widget_type=\"image.default\">\n\t\t\t\t<div class=\"elementor-widget-container\">\n\t\t\t\t\t\t\t\t\t\t\t\t\t\t\t<img decoding=\"async\" width=\"720\" height=\"720\" src=\"https:\/\/thomas-heuberg.de\/wp-content\/uploads\/2019\/11\/4-10.11.-8-1024x1024.jpg\" class=\"attachment-large size-large wp-image-61\" alt=\"\" srcset=\"https:\/\/thomas-heuberg.de\/wp-content\/uploads\/2019\/11\/4-10.11.-8-1024x1024.jpg 1024w, https:\/\/thomas-heuberg.de\/wp-content\/uploads\/2019\/11\/4-10.11.-8-300x300.jpg 300w, https:\/\/thomas-heuberg.de\/wp-content\/uploads\/2019\/11\/4-10.11.-8-150x150.jpg 150w, https:\/\/thomas-heuberg.de\/wp-content\/uploads\/2019\/11\/4-10.11.-8-768x768.jpg 768w, https:\/\/thomas-heuberg.de\/wp-content\/uploads\/2019\/11\/4-10.11.-8.jpg 1272w\" sizes=\"(max-width: 720px) 100vw, 720px\" \/>\t\t\t\t\t\t\t\t\t\t\t\t\t\t\t<\/div>\n\t\t\t\t<\/div>\n\t\t\t\t\t<\/div>\n\t\t<\/div>\n\t\t\t\t<div class=\"elementor-column elementor-col-50 elementor-top-column elementor-element elementor-element-5d3e386\" data-id=\"5d3e386\" data-element_type=\"column\">\n\t\t\t<div class=\"elementor-widget-wrap elementor-element-populated\">\n\t\t\t\t\t\t<div class=\"elementor-element elementor-element-0c67044 elementor-widget elementor-widget-image\" data-id=\"0c67044\" data-element_type=\"widget\" data-widget_type=\"image.default\">\n\t\t\t\t<div class=\"elementor-widget-container\">\n\t\t\t\t\t\t\t\t\t\t\t\t\t\t\t<img loading=\"lazy\" decoding=\"async\" width=\"720\" height=\"720\" src=\"https:\/\/thomas-heuberg.de\/wp-content\/uploads\/2019\/11\/4-10.11.-9-1024x1024.jpg\" class=\"attachment-large size-large wp-image-58\" alt=\"\" srcset=\"https:\/\/thomas-heuberg.de\/wp-content\/uploads\/2019\/11\/4-10.11.-9-1024x1024.jpg 1024w, https:\/\/thomas-heuberg.de\/wp-content\/uploads\/2019\/11\/4-10.11.-9-300x300.jpg 300w, https:\/\/thomas-heuberg.de\/wp-content\/uploads\/2019\/11\/4-10.11.-9-150x150.jpg 150w, https:\/\/thomas-heuberg.de\/wp-content\/uploads\/2019\/11\/4-10.11.-9-768x768.jpg 768w, https:\/\/thomas-heuberg.de\/wp-content\/uploads\/2019\/11\/4-10.11.-9-1536x1536.jpg 1536w, https:\/\/thomas-heuberg.de\/wp-content\/uploads\/2019\/11\/4-10.11.-9-2048x2048.jpg 2048w\" sizes=\"(max-width: 720px) 100vw, 720px\" \/>\t\t\t\t\t\t\t\t\t\t\t\t\t\t\t<\/div>\n\t\t\t\t<\/div>\n\t\t\t\t\t<\/div>\n\t\t<\/div>\n\t\t\t\t\t<\/div>\n\t\t<\/section>\n\t\t\t\t<section class=\"elementor-section elementor-top-section elementor-element elementor-element-4a24b0b elementor-section-boxed elementor-section-height-default elementor-section-height-default\" data-id=\"4a24b0b\" data-element_type=\"section\">\n\t\t\t\t\t\t<div class=\"elementor-container elementor-column-gap-default\">\n\t\t\t\t\t<div class=\"elementor-column elementor-col-100 elementor-top-column elementor-element elementor-element-bcc3105\" data-id=\"bcc3105\" data-element_type=\"column\">\n\t\t\t<div class=\"elementor-widget-wrap elementor-element-populated\">\n\t\t\t\t\t\t<div class=\"elementor-element elementor-element-f87b2e5 elementor-widget elementor-widget-text-editor\" data-id=\"f87b2e5\" data-element_type=\"widget\" data-widget_type=\"text-editor.default\">\n\t\t\t\t<div class=\"elementor-widget-container\">\n\t\t\t\t\t\t\t\t\t<p><span style=\"font-size: 24pt; font-family: georgia, palatino, serif;\">Heuberg Doppelb\u00fcchse 8x57IRS<\/span><\/p>\t\t\t\t\t\t\t\t<\/div>\n\t\t\t\t<\/div>\n\t\t\t\t\t<\/div>\n\t\t<\/div>\n\t\t\t\t\t<\/div>\n\t\t<\/section>\n\t\t\t\t<section class=\"elementor-section elementor-top-section elementor-element elementor-element-3e9b42e elementor-section-boxed elementor-section-height-default elementor-section-height-default\" data-id=\"3e9b42e\" data-element_type=\"section\">\n\t\t\t\t\t\t<div class=\"elementor-container elementor-column-gap-default\">\n\t\t\t\t\t<div class=\"elementor-column elementor-col-100 elementor-top-column elementor-element elementor-element-0e4261c\" data-id=\"0e4261c\" data-element_type=\"column\">\n\t\t\t<div class=\"elementor-widget-wrap elementor-element-populated\">\n\t\t\t\t\t\t<div class=\"elementor-element elementor-element-5f0eead elementor-widget elementor-widget-text-editor\" data-id=\"5f0eead\" data-element_type=\"widget\" data-widget_type=\"text-editor.default\">\n\t\t\t\t<div class=\"elementor-widget-container\">\n\t\t\t\t\t\t\t\t\t<p><span style=\"font-size: 14pt;\">Our double rifles  side by sideand Doppelb\u00fcchsdrillinge can be ordered according to (individual) customer requirements.\u00a0<\/span><span style=\"font-size: 14pt;\">We<\/span><span style=\"font-size: 14pt;\">manufacture in all CIP calibers.\u00a0<\/span><span style=\"font-size: 14pt;\">Aufgrund unseren\u00a0 Maschinen und meinen jahrelangen Erfahrungen in allen Bereichen der Metall- und Holzverarbeitung sind wir in der Lage alle Teile, so wie die L\u00e4ufe im Hause selbst herzustellen. Somit wissen wir, dass nur das Beste unser Haus verl\u00e4sst.<\/span><\/p>\t\t\t\t\t\t\t\t<\/div>\n\t\t\t\t<\/div>\n\t\t\t\t\t<\/div>\n\t\t<\/div>\n\t\t\t\t\t<\/div>\n\t\t<\/section>\n\t\t\t\t<section class=\"elementor-section elementor-top-section elementor-element elementor-element-d21b0b4 elementor-section-boxed elementor-section-height-default elementor-section-height-default\" data-id=\"d21b0b4\" data-element_type=\"section\">\n\t\t\t\t\t\t<div class=\"elementor-container elementor-column-gap-default\">\n\t\t\t\t\t<div class=\"elementor-column elementor-col-100 elementor-top-column elementor-element elementor-element-57606d2\" data-id=\"57606d2\" data-element_type=\"column\">\n\t\t\t<div class=\"elementor-widget-wrap\">\n\t\t\t\t\t\t\t<\/div>\n\t\t<\/div>\n\t\t\t\t\t<\/div>\n\t\t<\/section>\n\t\t\t\t<section class=\"elementor-section elementor-top-section elementor-element elementor-element-23a30a0 elementor-section-boxed elementor-section-height-default elementor-section-height-default\" data-id=\"23a30a0\" data-element_type=\"section\">\n\t\t\t\t\t\t<div class=\"elementor-container elementor-column-gap-default\">\n\t\t\t\t\t<div class=\"elementor-column elementor-col-50 elementor-top-column elementor-element elementor-element-6fcd5fd\" data-id=\"6fcd5fd\" data-element_type=\"column\">\n\t\t\t<div class=\"elementor-widget-wrap elementor-element-populated\">\n\t\t\t\t\t\t<div class=\"elementor-element elementor-element-d877a56 elementor-widget elementor-widget-image\" data-id=\"d877a56\" data-element_type=\"widget\" data-widget_type=\"image.default\">\n\t\t\t\t<div class=\"elementor-widget-container\">\n\t\t\t\t\t\t\t\t\t\t\t\t\t\t\t<img loading=\"lazy\" decoding=\"async\" width=\"720\" height=\"480\" src=\"https:\/\/thomas-heuberg.de\/wp-content\/uploads\/2019\/12\/Drilling-Seitenschloss2c2929-1024x683.jpg\" class=\"attachment-large size-large wp-image-623\" alt=\"\" srcset=\"https:\/\/thomas-heuberg.de\/wp-content\/uploads\/2019\/12\/Drilling-Seitenschloss2c2929-1024x683.jpg 1024w, https:\/\/thomas-heuberg.de\/wp-content\/uploads\/2019\/12\/Drilling-Seitenschloss2c2929-300x200.jpg 300w, https:\/\/thomas-heuberg.de\/wp-content\/uploads\/2019\/12\/Drilling-Seitenschloss2c2929-768x512.jpg 768w, https:\/\/thomas-heuberg.de\/wp-content\/uploads\/2019\/12\/Drilling-Seitenschloss2c2929-1536x1024.jpg 1536w, https:\/\/thomas-heuberg.de\/wp-content\/uploads\/2019\/12\/Drilling-Seitenschloss2c2929-2048x1366.jpg 2048w, https:\/\/thomas-heuberg.de\/wp-content\/uploads\/2019\/12\/Drilling-Seitenschloss2c2929-272x182.jpg 272w\" sizes=\"(max-width: 720px) 100vw, 720px\" \/>\t\t\t\t\t\t\t\t\t\t\t\t\t\t\t<\/div>\n\t\t\t\t<\/div>\n\t\t\t\t\t<\/div>\n\t\t<\/div>\n\t\t\t\t<div class=\"elementor-column elementor-col-50 elementor-top-column elementor-element elementor-element-4886a9e\" data-id=\"4886a9e\" data-element_type=\"column\">\n\t\t\t<div class=\"elementor-widget-wrap elementor-element-populated\">\n\t\t\t\t\t\t<div class=\"elementor-element elementor-element-996e799 elementor-widget elementor-widget-image\" data-id=\"996e799\" data-element_type=\"widget\" data-widget_type=\"image.default\">\n\t\t\t\t<div class=\"elementor-widget-container\">\n\t\t\t\t\t\t\t\t\t\t\t\t\t\t\t<img loading=\"lazy\" decoding=\"async\" width=\"720\" height=\"480\" src=\"https:\/\/thomas-heuberg.de\/wp-content\/uploads\/2019\/12\/Nimrodfrei6-1024x683.jpg\" class=\"attachment-large size-large wp-image-616\" alt=\"\" srcset=\"https:\/\/thomas-heuberg.de\/wp-content\/uploads\/2019\/12\/Nimrodfrei6-1024x683.jpg 1024w, https:\/\/thomas-heuberg.de\/wp-content\/uploads\/2019\/12\/Nimrodfrei6-300x200.jpg 300w, https:\/\/thomas-heuberg.de\/wp-content\/uploads\/2019\/12\/Nimrodfrei6-768x512.jpg 768w, https:\/\/thomas-heuberg.de\/wp-content\/uploads\/2019\/12\/Nimrodfrei6-1536x1024.jpg 1536w, https:\/\/thomas-heuberg.de\/wp-content\/uploads\/2019\/12\/Nimrodfrei6-2048x1365.jpg 2048w, https:\/\/thomas-heuberg.de\/wp-content\/uploads\/2019\/12\/Nimrodfrei6-272x182.jpg 272w\" sizes=\"(max-width: 720px) 100vw, 720px\" \/>\t\t\t\t\t\t\t\t\t\t\t\t\t\t\t<\/div>\n\t\t\t\t<\/div>\n\t\t\t\t\t<\/div>\n\t\t<\/div>\n\t\t\t\t\t<\/div>\n\t\t<\/section>\n\t\t\t\t<section class=\"elementor-section elementor-top-section elementor-element elementor-element-767ab2e elementor-section-boxed elementor-section-height-default elementor-section-height-default\" data-id=\"767ab2e\" data-element_type=\"section\">\n\t\t\t\t\t\t<div class=\"elementor-container elementor-column-gap-default\">\n\t\t\t\t\t<div class=\"elementor-column elementor-col-50 elementor-top-column elementor-element elementor-element-d1109ba\" data-id=\"d1109ba\" data-element_type=\"column\">\n\t\t\t<div class=\"elementor-widget-wrap elementor-element-populated\">\n\t\t\t\t\t\t<div class=\"elementor-element elementor-element-000fe74 elementor-widget elementor-widget-text-editor\" data-id=\"000fe74\" data-element_type=\"widget\" data-widget_type=\"text-editor.default\">\n\t\t\t\t<div class=\"elementor-widget-container\">\n\t\t\t\t\t\t\t\t\t<p><span style=\"font-size: 12pt;\">Double Nimrod Sidelock<\/span><\/p>\t\t\t\t\t\t\t\t<\/div>\n\t\t\t\t<\/div>\n\t\t\t\t\t<\/div>\n\t\t<\/div>\n\t\t\t\t<div class=\"elementor-column elementor-col-50 elementor-top-column elementor-element elementor-element-d418c7b\" data-id=\"d418c7b\" data-element_type=\"column\">\n\t\t\t<div class=\"elementor-widget-wrap elementor-element-populated\">\n\t\t\t\t\t\t<div class=\"elementor-element elementor-element-e17d1b2 elementor-widget elementor-widget-text-editor\" data-id=\"e17d1b2\" data-element_type=\"widget\" data-widget_type=\"text-editor.default\">\n\t\t\t\t<div class=\"elementor-widget-container\">\n\t\t\t\t\t\t\t\t\t<p><span style=\"font-size: 12pt;\">\u00a0 \u00a0 \u00a0 Nimrod Sidelock<\/span><\/p>\t\t\t\t\t\t\t\t<\/div>\n\t\t\t\t<\/div>\n\t\t\t\t\t<\/div>\n\t\t<\/div>\n\t\t\t\t\t<\/div>\n\t\t<\/section>\n\t\t\t\t<\/div>","protected":false},"excerpt":{"rendered":"<p>Unsere Kipplaufwaffen: Diese Waffe hat das Kal..270 Win. , ist aber in allen CIP Kalibern herstellbar. Sie wird verriegelt mit einemKipp-Blockverschluss nach J\u00e4ger. Das \u00e4u\u00dfere Erscheinungsbild und die Muschelform so wie der lange Eisenvorderschaft sind im BOSS Style. Verbaut wurde ein Seitenschloss nach Nimrod Art. Als weiteres Extra besitzt die Waffe einen abschaltbaren Ejektor. Wie [&hellip;]<\/p>","protected":false},"author":1,"featured_media":0,"parent":0,"menu_order":0,"comment_status":"closed","ping_status":"closed","template":"","meta":{"footnotes":""},"class_list":["post-421","page","type-page","status-publish","hentry","post"],"_links":{"self":[{"href":"https:\/\/thomas-heuberg.de\/en\/wp-json\/wp\/v2\/pages\/421","targetHints":{"allow":["GET"]}}],"collection":[{"href":"https:\/\/thomas-heuberg.de\/en\/wp-json\/wp\/v2\/pages"}],"about":[{"href":"https:\/\/thomas-heuberg.de\/en\/wp-json\/wp\/v2\/types\/page"}],"author":[{"embeddable":true,"href":"https:\/\/thomas-heuberg.de\/en\/wp-json\/wp\/v2\/users\/1"}],"replies":[{"embeddable":true,"href":"https:\/\/thomas-heuberg.de\/en\/wp-json\/wp\/v2\/comments?post=421"}],"version-history":[{"count":28,"href":"https:\/\/thomas-heuberg.de\/en\/wp-json\/wp\/v2\/pages\/421\/revisions"}],"predecessor-version":[{"id":1018,"href":"https:\/\/thomas-heuberg.de\/en\/wp-json\/wp\/v2\/pages\/421\/revisions\/1018"}],"wp:attachment":[{"href":"https:\/\/thomas-heuberg.de\/en\/wp-json\/wp\/v2\/media?parent=421"}],"curies":[{"name":"wp","href":"https:\/\/api.w.org\/{rel}","templated":true}]}}