{"id":428,"date":"2019-12-10T12:28:02","date_gmt":"2019-12-10T12:28:02","guid":{"rendered":"https:\/\/thomas-heuberg.de\/?page_id=428"},"modified":"2022-05-21T11:17:09","modified_gmt":"2022-05-21T11:17:09","slug":"blockbuechsen","status":"publish","type":"page","link":"https:\/\/thomas-heuberg.de\/en\/blockbuechsen","title":{"rendered":"Falling-block Rifles"},"content":{"rendered":"<div data-elementor-type=\"wp-page\" data-elementor-id=\"428\" class=\"elementor elementor-428\">\n\t\t\t\t\t\t<section class=\"elementor-section elementor-top-section elementor-element elementor-element-7bf5b17 elementor-section-boxed elementor-section-height-default elementor-section-height-default\" data-id=\"7bf5b17\" data-element_type=\"section\">\n\t\t\t\t\t\t<div class=\"elementor-container elementor-column-gap-default\">\n\t\t\t\t\t<div class=\"elementor-column elementor-col-100 elementor-top-column elementor-element elementor-element-d0402dd\" data-id=\"d0402dd\" data-element_type=\"column\">\n\t\t\t<div class=\"elementor-widget-wrap elementor-element-populated\">\n\t\t\t\t\t\t<div class=\"elementor-element elementor-element-c1f3584 elementor-widget elementor-widget-heading\" data-id=\"c1f3584\" data-element_type=\"widget\" data-widget_type=\"heading.default\">\n\t\t\t\t<div class=\"elementor-widget-container\">\n\t\t\t\t\t<h2 class=\"elementor-heading-title elementor-size-large\">Falling-block Rifles<\/h2>\t\t\t\t<\/div>\n\t\t\t\t<\/div>\n\t\t\t\t\t<\/div>\n\t\t<\/div>\n\t\t\t\t\t<\/div>\n\t\t<\/section>\n\t\t\t\t<section class=\"elementor-section elementor-top-section elementor-element elementor-element-1d8abb6 elementor-section-boxed elementor-section-height-default elementor-section-height-default\" data-id=\"1d8abb6\" data-element_type=\"section\">\n\t\t\t\t\t\t<div class=\"elementor-container elementor-column-gap-default\">\n\t\t\t\t\t<div class=\"elementor-column elementor-col-100 elementor-top-column elementor-element elementor-element-b72c73a\" data-id=\"b72c73a\" data-element_type=\"column\">\n\t\t\t<div class=\"elementor-widget-wrap elementor-element-populated\">\n\t\t\t\t\t\t<div class=\"elementor-element elementor-element-07b1475 elementor-widget elementor-widget-image\" data-id=\"07b1475\" data-element_type=\"widget\" data-widget_type=\"image.default\">\n\t\t\t\t<div class=\"elementor-widget-container\">\n\t\t\t\t\t\t\t\t\t\t\t\t\t\t\t<img fetchpriority=\"high\" decoding=\"async\" width=\"720\" height=\"217\" src=\"https:\/\/thomas-heuberg.de\/wp-content\/uploads\/2020\/04\/Bild-10-1024x308.jpg\" class=\"attachment-large size-large wp-image-715\" alt=\"\" srcset=\"https:\/\/thomas-heuberg.de\/wp-content\/uploads\/2020\/04\/Bild-10-1024x308.jpg 1024w, https:\/\/thomas-heuberg.de\/wp-content\/uploads\/2020\/04\/Bild-10-300x90.jpg 300w, https:\/\/thomas-heuberg.de\/wp-content\/uploads\/2020\/04\/Bild-10-768x231.jpg 768w, https:\/\/thomas-heuberg.de\/wp-content\/uploads\/2020\/04\/Bild-10-1536x462.jpg 1536w, https:\/\/thomas-heuberg.de\/wp-content\/uploads\/2020\/04\/Bild-10-2048x617.jpg 2048w\" sizes=\"(max-width: 720px) 100vw, 720px\" \/>\t\t\t\t\t\t\t\t\t\t\t\t\t\t\t<\/div>\n\t\t\t\t<\/div>\n\t\t\t\t\t<\/div>\n\t\t<\/div>\n\t\t\t\t\t<\/div>\n\t\t<\/section>\n\t\t\t\t<section class=\"elementor-section elementor-top-section elementor-element elementor-element-3904bf8 elementor-section-boxed elementor-section-height-default elementor-section-height-default\" data-id=\"3904bf8\" data-element_type=\"section\">\n\t\t\t\t\t\t<div class=\"elementor-container elementor-column-gap-default\">\n\t\t\t\t\t<div class=\"elementor-column elementor-col-100 elementor-top-column elementor-element elementor-element-717ba69\" data-id=\"717ba69\" data-element_type=\"column\">\n\t\t\t<div class=\"elementor-widget-wrap elementor-element-populated\">\n\t\t\t\t\t\t<div class=\"elementor-element elementor-element-0e26122 elementor-widget elementor-widget-text-editor\" data-id=\"0e26122\" data-element_type=\"widget\" data-widget_type=\"text-editor.default\">\n\t\t\t\t<div class=\"elementor-widget-container\">\n\t\t\t\t\t\t\t\t\t<p><span style=\"font-size: 16pt;\">There are two versions of the falling blocks available. One is the classic rifle according to the \"Heeren\" system and the other one is a strongly modified \"Hagn\" system with Sidelever and optional ejector that can be switched off. We manufacture the \u201cHagn\u201d system in different sizes.<\/span><\/p>\t\t\t\t\t\t\t\t<\/div>\n\t\t\t\t<\/div>\n\t\t\t\t\t<\/div>\n\t\t<\/div>\n\t\t\t\t\t<\/div>\n\t\t<\/section>\n\t\t\t\t<section class=\"elementor-section elementor-top-section elementor-element elementor-element-36c774e elementor-section-boxed elementor-section-height-default elementor-section-height-default\" data-id=\"36c774e\" data-element_type=\"section\">\n\t\t\t\t\t\t<div class=\"elementor-container elementor-column-gap-default\">\n\t\t\t\t\t<div class=\"elementor-column elementor-col-66 elementor-top-column elementor-element elementor-element-a80577b\" data-id=\"a80577b\" data-element_type=\"column\">\n\t\t\t<div class=\"elementor-widget-wrap elementor-element-populated\">\n\t\t\t\t\t\t<div class=\"elementor-element elementor-element-dcada40 elementor-widget elementor-widget-image\" data-id=\"dcada40\" data-element_type=\"widget\" data-widget_type=\"image.default\">\n\t\t\t\t<div class=\"elementor-widget-container\">\n\t\t\t\t\t\t\t\t\t\t\t\t\t\t\t<img decoding=\"async\" width=\"720\" height=\"480\" src=\"https:\/\/thomas-heuberg.de\/wp-content\/uploads\/2022\/05\/Heeren1-1024x683.jpg\" class=\"attachment-large size-large wp-image-935\" alt=\"\" srcset=\"https:\/\/thomas-heuberg.de\/wp-content\/uploads\/2022\/05\/Heeren1-1024x683.jpg 1024w, https:\/\/thomas-heuberg.de\/wp-content\/uploads\/2022\/05\/Heeren1-300x200.jpg 300w, https:\/\/thomas-heuberg.de\/wp-content\/uploads\/2022\/05\/Heeren1-768x512.jpg 768w, https:\/\/thomas-heuberg.de\/wp-content\/uploads\/2022\/05\/Heeren1-1536x1024.jpg 1536w, https:\/\/thomas-heuberg.de\/wp-content\/uploads\/2022\/05\/Heeren1-2048x1365.jpg 2048w, https:\/\/thomas-heuberg.de\/wp-content\/uploads\/2022\/05\/Heeren1-16x12.jpg 16w, https:\/\/thomas-heuberg.de\/wp-content\/uploads\/2022\/05\/Heeren1-272x182.jpg 272w\" sizes=\"(max-width: 720px) 100vw, 720px\" \/>\t\t\t\t\t\t\t\t\t\t\t\t\t\t\t<\/div>\n\t\t\t\t<\/div>\n\t\t\t\t\t<\/div>\n\t\t<\/div>\n\t\t\t\t<div class=\"elementor-column elementor-col-33 elementor-top-column elementor-element elementor-element-ec160fc\" data-id=\"ec160fc\" data-element_type=\"column\">\n\t\t\t<div class=\"elementor-widget-wrap elementor-element-populated\">\n\t\t\t\t\t\t<div class=\"elementor-element elementor-element-286f209 elementor-widget elementor-widget-image\" data-id=\"286f209\" data-element_type=\"widget\" data-widget_type=\"image.default\">\n\t\t\t\t<div class=\"elementor-widget-container\">\n\t\t\t\t\t\t\t\t\t\t\t\t\t\t\t<img decoding=\"async\" width=\"1365\" height=\"2048\" src=\"https:\/\/thomas-heuberg.de\/wp-content\/uploads\/2022\/05\/Heeren5-1365x2048.jpg\" class=\"attachment-2048x2048 size-2048x2048 wp-image-938\" alt=\"\" srcset=\"https:\/\/thomas-heuberg.de\/wp-content\/uploads\/2022\/05\/Heeren5-1365x2048.jpg 1365w, https:\/\/thomas-heuberg.de\/wp-content\/uploads\/2022\/05\/Heeren5-200x300.jpg 200w, https:\/\/thomas-heuberg.de\/wp-content\/uploads\/2022\/05\/Heeren5-683x1024.jpg 683w, https:\/\/thomas-heuberg.de\/wp-content\/uploads\/2022\/05\/Heeren5-768x1152.jpg 768w, https:\/\/thomas-heuberg.de\/wp-content\/uploads\/2022\/05\/Heeren5-1024x1536.jpg 1024w, https:\/\/thomas-heuberg.de\/wp-content\/uploads\/2022\/05\/Heeren5-8x12.jpg 8w, https:\/\/thomas-heuberg.de\/wp-content\/uploads\/2022\/05\/Heeren5-scaled.jpg 1707w\" sizes=\"(max-width: 1365px) 100vw, 1365px\" \/>\t\t\t\t\t\t\t\t\t\t\t\t\t\t\t<\/div>\n\t\t\t\t<\/div>\n\t\t\t\t\t<\/div>\n\t\t<\/div>\n\t\t\t\t\t<\/div>\n\t\t<\/section>\n\t\t\t\t<section class=\"elementor-section elementor-top-section elementor-element elementor-element-a090dc0 elementor-section-boxed elementor-section-height-default elementor-section-height-default\" data-id=\"a090dc0\" data-element_type=\"section\">\n\t\t\t\t\t\t<div class=\"elementor-container elementor-column-gap-default\">\n\t\t\t\t\t<div class=\"elementor-column elementor-col-100 elementor-top-column elementor-element elementor-element-d7320e3\" data-id=\"d7320e3\" data-element_type=\"column\">\n\t\t\t<div class=\"elementor-widget-wrap\">\n\t\t\t\t\t\t\t<\/div>\n\t\t<\/div>\n\t\t\t\t\t<\/div>\n\t\t<\/section>\n\t\t\t\t<section class=\"elementor-section elementor-top-section elementor-element elementor-element-d4ffaf1 elementor-section-boxed elementor-section-height-default elementor-section-height-default\" data-id=\"d4ffaf1\" data-element_type=\"section\">\n\t\t\t\t\t\t<div class=\"elementor-container elementor-column-gap-default\">\n\t\t\t\t\t<div class=\"elementor-column elementor-col-100 elementor-top-column elementor-element elementor-element-390ab36\" data-id=\"390ab36\" data-element_type=\"column\">\n\t\t\t<div class=\"elementor-widget-wrap elementor-element-populated\">\n\t\t\t\t\t\t<div class=\"elementor-element elementor-element-062031d elementor-widget elementor-widget-image\" data-id=\"062031d\" data-element_type=\"widget\" data-widget_type=\"image.default\">\n\t\t\t\t<div class=\"elementor-widget-container\">\n\t\t\t\t\t\t\t\t\t\t\t\t\t\t\t<img loading=\"lazy\" decoding=\"async\" width=\"720\" height=\"380\" src=\"https:\/\/thomas-heuberg.de\/wp-content\/uploads\/2021\/04\/bild6-720x380.jpg\" class=\"attachment-post-thumbnail size-post-thumbnail wp-image-773\" alt=\"\" \/>\t\t\t\t\t\t\t\t\t\t\t\t\t\t\t<\/div>\n\t\t\t\t<\/div>\n\t\t\t\t\t<\/div>\n\t\t<\/div>\n\t\t\t\t\t<\/div>\n\t\t<\/section>\n\t\t\t\t<section class=\"elementor-section elementor-top-section elementor-element elementor-element-e8cb4d8 elementor-section-boxed elementor-section-height-default elementor-section-height-default\" data-id=\"e8cb4d8\" data-element_type=\"section\">\n\t\t\t\t\t\t<div class=\"elementor-container elementor-column-gap-default\">\n\t\t\t\t\t<div class=\"elementor-column elementor-col-100 elementor-top-column elementor-element elementor-element-07f915e\" data-id=\"07f915e\" data-element_type=\"column\">\n\t\t\t<div class=\"elementor-widget-wrap elementor-element-populated\">\n\t\t\t\t\t\t<div class=\"elementor-element elementor-element-2543159 elementor-widget elementor-widget-image\" data-id=\"2543159\" data-element_type=\"widget\" data-widget_type=\"image.default\">\n\t\t\t\t<div class=\"elementor-widget-container\">\n\t\t\t\t\t\t\t\t\t\t\t\t\t\t\t<img loading=\"lazy\" decoding=\"async\" width=\"720\" height=\"480\" src=\"https:\/\/thomas-heuberg.de\/wp-content\/uploads\/2021\/04\/slv5-1024x683.jpg\" class=\"attachment-large size-large wp-image-776\" alt=\"\" srcset=\"https:\/\/thomas-heuberg.de\/wp-content\/uploads\/2021\/04\/slv5-1024x683.jpg 1024w, https:\/\/thomas-heuberg.de\/wp-content\/uploads\/2021\/04\/slv5-300x200.jpg 300w, https:\/\/thomas-heuberg.de\/wp-content\/uploads\/2021\/04\/slv5-768x512.jpg 768w, https:\/\/thomas-heuberg.de\/wp-content\/uploads\/2021\/04\/slv5-1536x1024.jpg 1536w, https:\/\/thomas-heuberg.de\/wp-content\/uploads\/2021\/04\/slv5-2048x1365.jpg 2048w, https:\/\/thomas-heuberg.de\/wp-content\/uploads\/2021\/04\/slv5-16x12.jpg 16w, https:\/\/thomas-heuberg.de\/wp-content\/uploads\/2021\/04\/slv5-272x182.jpg 272w\" sizes=\"(max-width: 720px) 100vw, 720px\" \/>\t\t\t\t\t\t\t\t\t\t\t\t\t\t\t<\/div>\n\t\t\t\t<\/div>\n\t\t\t\t\t<\/div>\n\t\t<\/div>\n\t\t\t\t\t<\/div>\n\t\t<\/section>\n\t\t\t\t<section class=\"elementor-section elementor-top-section elementor-element elementor-element-fe469e5 elementor-section-boxed elementor-section-height-default elementor-section-height-default\" data-id=\"fe469e5\" data-element_type=\"section\">\n\t\t\t\t\t\t<div class=\"elementor-container elementor-column-gap-default\">\n\t\t\t\t\t<div class=\"elementor-column elementor-col-100 elementor-top-column elementor-element elementor-element-3dbff75\" data-id=\"3dbff75\" data-element_type=\"column\">\n\t\t\t<div class=\"elementor-widget-wrap elementor-element-populated\">\n\t\t\t\t\t\t<div class=\"elementor-element elementor-element-f3f93c6 elementor-widget elementor-widget-image\" data-id=\"f3f93c6\" data-element_type=\"widget\" data-widget_type=\"image.default\">\n\t\t\t\t<div class=\"elementor-widget-container\">\n\t\t\t\t\t\t\t\t\t\t\t\t\t\t\t<img loading=\"lazy\" decoding=\"async\" width=\"720\" height=\"380\" src=\"https:\/\/thomas-heuberg.de\/wp-content\/uploads\/2021\/04\/slv3-720x380.jpg\" class=\"attachment-post-thumbnail size-post-thumbnail wp-image-775\" alt=\"\" \/>\t\t\t\t\t\t\t\t\t\t\t\t\t\t\t<\/div>\n\t\t\t\t<\/div>\n\t\t\t\t\t<\/div>\n\t\t<\/div>\n\t\t\t\t\t<\/div>\n\t\t<\/section>\n\t\t\t\t<section class=\"elementor-section elementor-top-section elementor-element elementor-element-1d83f66 elementor-section-boxed elementor-section-height-default elementor-section-height-default\" data-id=\"1d83f66\" data-element_type=\"section\">\n\t\t\t\t\t\t<div class=\"elementor-container elementor-column-gap-default\">\n\t\t\t\t\t<div class=\"elementor-column elementor-col-100 elementor-top-column elementor-element elementor-element-69168db\" data-id=\"69168db\" data-element_type=\"column\">\n\t\t\t<div class=\"elementor-widget-wrap elementor-element-populated\">\n\t\t\t\t\t\t<div class=\"elementor-element elementor-element-da14375 elementor-widget elementor-widget-image\" data-id=\"da14375\" data-element_type=\"widget\" data-widget_type=\"image.default\">\n\t\t\t\t<div class=\"elementor-widget-container\">\n\t\t\t\t\t\t\t\t\t\t\t\t\t\t\t<img loading=\"lazy\" decoding=\"async\" width=\"720\" height=\"380\" src=\"https:\/\/thomas-heuberg.de\/wp-content\/uploads\/2021\/04\/slv7-720x380.jpg\" class=\"attachment-post-thumbnail size-post-thumbnail wp-image-777\" alt=\"\" srcset=\"https:\/\/thomas-heuberg.de\/wp-content\/uploads\/2021\/04\/slv7-720x380.jpg 720w, https:\/\/thomas-heuberg.de\/wp-content\/uploads\/2021\/04\/slv7-16x7.jpg 16w\" sizes=\"(max-width: 720px) 100vw, 720px\" \/>\t\t\t\t\t\t\t\t\t\t\t\t\t\t\t<\/div>\n\t\t\t\t<\/div>\n\t\t\t\t\t<\/div>\n\t\t<\/div>\n\t\t\t\t\t<\/div>\n\t\t<\/section>\n\t\t\t\t<section class=\"elementor-section elementor-top-section elementor-element elementor-element-2f0fbf0 elementor-section-boxed elementor-section-height-default elementor-section-height-default\" data-id=\"2f0fbf0\" data-element_type=\"section\">\n\t\t\t\t\t\t<div class=\"elementor-container elementor-column-gap-default\">\n\t\t\t\t\t<div class=\"elementor-column elementor-col-100 elementor-top-column elementor-element elementor-element-ad19f99\" data-id=\"ad19f99\" data-element_type=\"column\">\n\t\t\t<div class=\"elementor-widget-wrap elementor-element-populated\">\n\t\t\t\t\t\t<div class=\"elementor-element elementor-element-65debfc elementor-widget elementor-widget-image\" data-id=\"65debfc\" data-element_type=\"widget\" data-widget_type=\"image.default\">\n\t\t\t\t<div class=\"elementor-widget-container\">\n\t\t\t\t\t\t\t\t\t\t\t\t\t\t\t<img loading=\"lazy\" decoding=\"async\" width=\"720\" height=\"380\" src=\"https:\/\/thomas-heuberg.de\/wp-content\/uploads\/2021\/04\/slv8-720x380.jpg\" class=\"attachment-post-thumbnail size-post-thumbnail wp-image-778\" alt=\"\" \/>\t\t\t\t\t\t\t\t\t\t\t\t\t\t\t<\/div>\n\t\t\t\t<\/div>\n\t\t\t\t\t<\/div>\n\t\t<\/div>\n\t\t\t\t\t<\/div>\n\t\t<\/section>\n\t\t\t\t<section class=\"elementor-section elementor-top-section elementor-element elementor-element-3e7bdca elementor-section-boxed elementor-section-height-default elementor-section-height-default\" data-id=\"3e7bdca\" data-element_type=\"section\">\n\t\t\t\t\t\t<div class=\"elementor-container elementor-column-gap-default\">\n\t\t\t\t\t<div class=\"elementor-column elementor-col-100 elementor-top-column elementor-element elementor-element-6273b2f\" data-id=\"6273b2f\" data-element_type=\"column\">\n\t\t\t<div class=\"elementor-widget-wrap elementor-element-populated\">\n\t\t\t\t\t\t<div class=\"elementor-element elementor-element-6791187 elementor-widget elementor-widget-image\" data-id=\"6791187\" data-element_type=\"widget\" data-widget_type=\"image.default\">\n\t\t\t\t<div class=\"elementor-widget-container\">\n\t\t\t\t\t\t\t\t\t\t\t\t\t\t\t<img loading=\"lazy\" decoding=\"async\" width=\"720\" height=\"480\" src=\"https:\/\/thomas-heuberg.de\/wp-content\/uploads\/2020\/03\/Bild7-1024x683.jpg\" class=\"attachment-large size-large wp-image-698\" alt=\"\" srcset=\"https:\/\/thomas-heuberg.de\/wp-content\/uploads\/2020\/03\/Bild7-1024x683.jpg 1024w, https:\/\/thomas-heuberg.de\/wp-content\/uploads\/2020\/03\/Bild7-300x200.jpg 300w, https:\/\/thomas-heuberg.de\/wp-content\/uploads\/2020\/03\/Bild7-768x512.jpg 768w, https:\/\/thomas-heuberg.de\/wp-content\/uploads\/2020\/03\/Bild7-1536x1024.jpg 1536w, https:\/\/thomas-heuberg.de\/wp-content\/uploads\/2020\/03\/Bild7-2048x1365.jpg 2048w, https:\/\/thomas-heuberg.de\/wp-content\/uploads\/2020\/03\/Bild7-272x182.jpg 272w\" sizes=\"(max-width: 720px) 100vw, 720px\" \/>\t\t\t\t\t\t\t\t\t\t\t\t\t\t\t<\/div>\n\t\t\t\t<\/div>\n\t\t\t\t\t<\/div>\n\t\t<\/div>\n\t\t\t\t\t<\/div>\n\t\t<\/section>\n\t\t\t\t<section class=\"elementor-section elementor-top-section elementor-element elementor-element-dbcec03 elementor-section-boxed elementor-section-height-default elementor-section-height-default\" data-id=\"dbcec03\" data-element_type=\"section\">\n\t\t\t\t\t\t<div class=\"elementor-container elementor-column-gap-default\">\n\t\t\t\t\t<div class=\"elementor-column elementor-col-100 elementor-top-column elementor-element elementor-element-2016c52\" data-id=\"2016c52\" data-element_type=\"column\">\n\t\t\t<div class=\"elementor-widget-wrap elementor-element-populated\">\n\t\t\t\t\t\t<div class=\"elementor-element elementor-element-cb01d06 elementor-widget elementor-widget-image\" data-id=\"cb01d06\" data-element_type=\"widget\" data-widget_type=\"image.default\">\n\t\t\t\t<div class=\"elementor-widget-container\">\n\t\t\t\t\t\t\t\t\t\t\t\t\t\t\t<img loading=\"lazy\" decoding=\"async\" width=\"720\" height=\"480\" src=\"https:\/\/thomas-heuberg.de\/wp-content\/uploads\/2020\/03\/Bild1-1024x683.jpg\" class=\"attachment-large size-large wp-image-694\" alt=\"\" srcset=\"https:\/\/thomas-heuberg.de\/wp-content\/uploads\/2020\/03\/Bild1-1024x683.jpg 1024w, https:\/\/thomas-heuberg.de\/wp-content\/uploads\/2020\/03\/Bild1-300x200.jpg 300w, https:\/\/thomas-heuberg.de\/wp-content\/uploads\/2020\/03\/Bild1-768x512.jpg 768w, https:\/\/thomas-heuberg.de\/wp-content\/uploads\/2020\/03\/Bild1-1536x1024.jpg 1536w, https:\/\/thomas-heuberg.de\/wp-content\/uploads\/2020\/03\/Bild1-2048x1365.jpg 2048w, https:\/\/thomas-heuberg.de\/wp-content\/uploads\/2020\/03\/Bild1-272x182.jpg 272w\" sizes=\"(max-width: 720px) 100vw, 720px\" \/>\t\t\t\t\t\t\t\t\t\t\t\t\t\t\t<\/div>\n\t\t\t\t<\/div>\n\t\t\t\t\t<\/div>\n\t\t<\/div>\n\t\t\t\t\t<\/div>\n\t\t<\/section>\n\t\t\t\t<section class=\"elementor-section elementor-top-section elementor-element elementor-element-4b2f21f elementor-section-boxed elementor-section-height-default elementor-section-height-default\" data-id=\"4b2f21f\" data-element_type=\"section\">\n\t\t\t\t\t\t<div class=\"elementor-container elementor-column-gap-default\">\n\t\t\t\t\t<div class=\"elementor-column elementor-col-100 elementor-top-column elementor-element elementor-element-5c1431f\" data-id=\"5c1431f\" data-element_type=\"column\">\n\t\t\t<div class=\"elementor-widget-wrap elementor-element-populated\">\n\t\t\t\t\t\t<div class=\"elementor-element elementor-element-989f8b1 elementor-widget elementor-widget-image\" data-id=\"989f8b1\" data-element_type=\"widget\" data-widget_type=\"image.default\">\n\t\t\t\t<div class=\"elementor-widget-container\">\n\t\t\t\t\t\t\t\t\t\t\t\t\t\t\t<img loading=\"lazy\" decoding=\"async\" width=\"720\" height=\"480\" src=\"https:\/\/thomas-heuberg.de\/wp-content\/uploads\/2020\/03\/Bild6-1024x683.jpg\" class=\"attachment-large size-large wp-image-697\" alt=\"\" srcset=\"https:\/\/thomas-heuberg.de\/wp-content\/uploads\/2020\/03\/Bild6-1024x683.jpg 1024w, https:\/\/thomas-heuberg.de\/wp-content\/uploads\/2020\/03\/Bild6-300x200.jpg 300w, https:\/\/thomas-heuberg.de\/wp-content\/uploads\/2020\/03\/Bild6-768x512.jpg 768w, https:\/\/thomas-heuberg.de\/wp-content\/uploads\/2020\/03\/Bild6-1536x1024.jpg 1536w, https:\/\/thomas-heuberg.de\/wp-content\/uploads\/2020\/03\/Bild6-2048x1365.jpg 2048w, https:\/\/thomas-heuberg.de\/wp-content\/uploads\/2020\/03\/Bild6-272x182.jpg 272w\" sizes=\"(max-width: 720px) 100vw, 720px\" \/>\t\t\t\t\t\t\t\t\t\t\t\t\t\t\t<\/div>\n\t\t\t\t<\/div>\n\t\t\t\t\t<\/div>\n\t\t<\/div>\n\t\t\t\t\t<\/div>\n\t\t<\/section>\n\t\t\t\t<section class=\"elementor-section elementor-top-section elementor-element elementor-element-1c5c8e4 elementor-section-boxed elementor-section-height-default elementor-section-height-default\" data-id=\"1c5c8e4\" data-element_type=\"section\">\n\t\t\t\t\t\t<div class=\"elementor-container elementor-column-gap-default\">\n\t\t\t\t\t<div class=\"elementor-column elementor-col-100 elementor-top-column elementor-element elementor-element-1c3ad28\" data-id=\"1c3ad28\" data-element_type=\"column\">\n\t\t\t<div class=\"elementor-widget-wrap elementor-element-populated\">\n\t\t\t\t\t\t<div class=\"elementor-element elementor-element-6d4fa4d elementor-widget elementor-widget-image\" data-id=\"6d4fa4d\" data-element_type=\"widget\" data-widget_type=\"image.default\">\n\t\t\t\t<div class=\"elementor-widget-container\">\n\t\t\t\t\t\t\t\t\t\t\t\t\t\t\t<img decoding=\"async\" src=\"https:\/\/thomas-heuberg.de\/wp-content\/uploads\/elementor\/thumbs\/Blockb\u00fcchse-Instagram-ohysmsjx2o3b5ul6nmbmz0eri345znepqaocsfglfk.jpg\" title=\"Blockb\u00fcchse Instagram\" alt=\"Blockb\u00fcchse Instagram\" loading=\"lazy\" \/>\t\t\t\t\t\t\t\t\t\t\t\t\t\t\t<\/div>\n\t\t\t\t<\/div>\n\t\t\t\t\t<\/div>\n\t\t<\/div>\n\t\t\t\t\t<\/div>\n\t\t<\/section>\n\t\t\t\t<\/div>","protected":false},"excerpt":{"rendered":"<p>Unsere Blockb\u00fcchsen Bei den Blockb\u00fcchsen stehen zwei Varianten zur Verf\u00fcgung. Einmal die klassische B\u00fcchse nach dem System \u201eHeeren\u201c sowie ein stark modifiziertes \u201eHagn\u201c System mit Sidelever Verschluss und optional mit abschaltbarem Ejektor. Das System Hagn fertigen wir in unterschiedlichen Gr\u00f6\u00dfen. Wir bieten diese mit im Hause gefertigten Achtkantl\u00e4ufen sowie Halbachtkantl\u00e4ufen an. M\u00f6glich sind jedoch auch [&hellip;]<\/p>","protected":false},"author":1,"featured_media":0,"parent":0,"menu_order":0,"comment_status":"closed","ping_status":"closed","template":"","meta":{"footnotes":""},"class_list":["post-428","page","type-page","status-publish","hentry","post"],"_links":{"self":[{"href":"https:\/\/thomas-heuberg.de\/en\/wp-json\/wp\/v2\/pages\/428","targetHints":{"allow":["GET"]}}],"collection":[{"href":"https:\/\/thomas-heuberg.de\/en\/wp-json\/wp\/v2\/pages"}],"about":[{"href":"https:\/\/thomas-heuberg.de\/en\/wp-json\/wp\/v2\/types\/page"}],"author":[{"embeddable":true,"href":"https:\/\/thomas-heuberg.de\/en\/wp-json\/wp\/v2\/users\/1"}],"replies":[{"embeddable":true,"href":"https:\/\/thomas-heuberg.de\/en\/wp-json\/wp\/v2\/comments?post=428"}],"version-history":[{"count":16,"href":"https:\/\/thomas-heuberg.de\/en\/wp-json\/wp\/v2\/pages\/428\/revisions"}],"predecessor-version":[{"id":939,"href":"https:\/\/thomas-heuberg.de\/en\/wp-json\/wp\/v2\/pages\/428\/revisions\/939"}],"wp:attachment":[{"href":"https:\/\/thomas-heuberg.de\/en\/wp-json\/wp\/v2\/media?parent=428"}],"curies":[{"name":"wp","href":"https:\/\/api.w.org\/{rel}","templated":true}]}}