{"id":531,"date":"2019-12-11T13:42:29","date_gmt":"2019-12-11T13:42:29","guid":{"rendered":"https:\/\/thomas-heuberg.de\/?page_id=531"},"modified":"2025-07-21T16:54:32","modified_gmt":"2025-07-21T16:54:32","slug":"werkstatt-2","status":"publish","type":"page","link":"https:\/\/thomas-heuberg.de\/en\/werkstatt-2","title":{"rendered":"Workshop"},"content":{"rendered":"<div data-elementor-type=\"wp-page\" data-elementor-id=\"531\" class=\"elementor elementor-531\">\n\t\t\t\t\t\t<section class=\"elementor-section elementor-top-section elementor-element elementor-element-f2b0ab7 elementor-section-boxed elementor-section-height-default elementor-section-height-default\" data-id=\"f2b0ab7\" data-element_type=\"section\">\n\t\t\t\t\t\t<div class=\"elementor-container elementor-column-gap-default\">\n\t\t\t\t\t<div class=\"elementor-column elementor-col-100 elementor-top-column elementor-element elementor-element-5f11005\" data-id=\"5f11005\" data-element_type=\"column\">\n\t\t\t<div class=\"elementor-widget-wrap elementor-element-populated\">\n\t\t\t\t\t\t<div class=\"elementor-element elementor-element-0206215 elementor-widget elementor-widget-heading\" data-id=\"0206215\" data-element_type=\"widget\" data-widget_type=\"heading.default\">\n\t\t\t\t<div class=\"elementor-widget-container\">\n\t\t\t\t\t<h2 class=\"elementor-heading-title elementor-size-large\">Workshop<\/h2>\t\t\t\t<\/div>\n\t\t\t\t<\/div>\n\t\t\t\t\t<\/div>\n\t\t<\/div>\n\t\t\t\t\t<\/div>\n\t\t<\/section>\n\t\t\t\t<section class=\"elementor-section elementor-top-section elementor-element elementor-element-acacfd6 elementor-section-boxed elementor-section-height-default elementor-section-height-default\" data-id=\"acacfd6\" data-element_type=\"section\">\n\t\t\t\t\t\t<div class=\"elementor-container elementor-column-gap-default\">\n\t\t\t\t\t<div class=\"elementor-column elementor-col-33 elementor-top-column elementor-element elementor-element-e7f9eae\" data-id=\"e7f9eae\" data-element_type=\"column\">\n\t\t\t<div class=\"elementor-widget-wrap elementor-element-populated\">\n\t\t\t\t\t\t<div class=\"elementor-element elementor-element-0b8dcb3 elementor-widget elementor-widget-image\" data-id=\"0b8dcb3\" data-element_type=\"widget\" data-widget_type=\"image.default\">\n\t\t\t\t<div class=\"elementor-widget-container\">\n\t\t\t\t\t\t\t\t\t\t\t\t\t\t\t<img fetchpriority=\"high\" decoding=\"async\" width=\"720\" height=\"480\" src=\"https:\/\/thomas-heuberg.de\/wp-content\/uploads\/2019\/12\/IMG_5367-1024x683.jpg\" class=\"attachment-large size-large wp-image-568\" alt=\"\" srcset=\"https:\/\/thomas-heuberg.de\/wp-content\/uploads\/2019\/12\/IMG_5367-1024x683.jpg 1024w, https:\/\/thomas-heuberg.de\/wp-content\/uploads\/2019\/12\/IMG_5367-300x200.jpg 300w, https:\/\/thomas-heuberg.de\/wp-content\/uploads\/2019\/12\/IMG_5367-768x512.jpg 768w, https:\/\/thomas-heuberg.de\/wp-content\/uploads\/2019\/12\/IMG_5367-1536x1024.jpg 1536w, https:\/\/thomas-heuberg.de\/wp-content\/uploads\/2019\/12\/IMG_5367-2048x1365.jpg 2048w, https:\/\/thomas-heuberg.de\/wp-content\/uploads\/2019\/12\/IMG_5367-272x182.jpg 272w\" sizes=\"(max-width: 720px) 100vw, 720px\" \/>\t\t\t\t\t\t\t\t\t\t\t\t\t\t\t<\/div>\n\t\t\t\t<\/div>\n\t\t\t\t\t<\/div>\n\t\t<\/div>\n\t\t\t\t<div class=\"elementor-column elementor-col-33 elementor-top-column elementor-element elementor-element-31cbfd5\" data-id=\"31cbfd5\" data-element_type=\"column\">\n\t\t\t<div class=\"elementor-widget-wrap elementor-element-populated\">\n\t\t\t\t\t\t<div class=\"elementor-element elementor-element-e41dae0 elementor-widget elementor-widget-text-editor\" data-id=\"e41dae0\" data-element_type=\"widget\" data-widget_type=\"text-editor.default\">\n\t\t\t\t<div class=\"elementor-widget-container\">\n\t\t\t\t\t\t\t\t\t<p style=\"text-align: left;\"><span style=\"font-size: 16pt;\">In our specially equipped workshop, we can offer all kinds of gunsmithing work, including woodwork and metalwork. <\/span><span style=\"font-size: 16pt;\">A special advantage is our experience in laser welding since 2005, which we mainly use for restorations of high-quality weapons and for repairs. Other gunsmiths also make use of our expertise in this field.<\/span><\/p>\t\t\t\t\t\t\t\t<\/div>\n\t\t\t\t<\/div>\n\t\t\t\t\t<\/div>\n\t\t<\/div>\n\t\t\t\t<div class=\"elementor-column elementor-col-33 elementor-top-column elementor-element elementor-element-2d458bf\" data-id=\"2d458bf\" data-element_type=\"column\">\n\t\t\t<div class=\"elementor-widget-wrap elementor-element-populated\">\n\t\t\t\t\t\t<div class=\"elementor-element elementor-element-3860897 elementor-widget elementor-widget-image\" data-id=\"3860897\" data-element_type=\"widget\" data-widget_type=\"image.default\">\n\t\t\t\t<div class=\"elementor-widget-container\">\n\t\t\t\t\t\t\t\t\t\t\t\t\t\t\t<img decoding=\"async\" width=\"683\" height=\"1024\" src=\"https:\/\/thomas-heuberg.de\/wp-content\/uploads\/2019\/12\/IMG_5359-683x1024.jpg\" class=\"attachment-large size-large wp-image-565\" alt=\"\" srcset=\"https:\/\/thomas-heuberg.de\/wp-content\/uploads\/2019\/12\/IMG_5359-683x1024.jpg 683w, https:\/\/thomas-heuberg.de\/wp-content\/uploads\/2019\/12\/IMG_5359-200x300.jpg 200w, https:\/\/thomas-heuberg.de\/wp-content\/uploads\/2019\/12\/IMG_5359-768x1152.jpg 768w, https:\/\/thomas-heuberg.de\/wp-content\/uploads\/2019\/12\/IMG_5359-1024x1536.jpg 1024w, https:\/\/thomas-heuberg.de\/wp-content\/uploads\/2019\/12\/IMG_5359-1365x2048.jpg 1365w, https:\/\/thomas-heuberg.de\/wp-content\/uploads\/2019\/12\/IMG_5359-scaled.jpg 1707w\" sizes=\"(max-width: 683px) 100vw, 683px\" \/>\t\t\t\t\t\t\t\t\t\t\t\t\t\t\t<\/div>\n\t\t\t\t<\/div>\n\t\t\t\t\t<\/div>\n\t\t<\/div>\n\t\t\t\t\t<\/div>\n\t\t<\/section>\n\t\t\t\t<\/div>","protected":false},"excerpt":{"rendered":"<p>Werkstatt In unserer besonders ausger\u00fcsteten Werkstatt k\u00f6nnen wir alle erdenklichen B\u00fcchsenmacherarbeiten anbieten. Diese beinhalten Holz- sowie s\u00e4mtliche Metallarbeiten. Eine Besonderheit stellt unsere \u00fcber 15j\u00e4hrige Erfahrung im Laserschwei\u00dfen dar die wir besonders bei Restaurationen von hochwertigen Waffen sowie bei Reparaturen anwenden. Diese Arbeiten f\u00fchren wir auch als Dienstleistung f\u00fcr andere B\u00fcchsenmacher durch.<\/p>","protected":false},"author":1,"featured_media":0,"parent":0,"menu_order":0,"comment_status":"closed","ping_status":"closed","template":"","meta":{"footnotes":""},"class_list":["post-531","page","type-page","status-publish","hentry","post"],"_links":{"self":[{"href":"https:\/\/thomas-heuberg.de\/en\/wp-json\/wp\/v2\/pages\/531","targetHints":{"allow":["GET"]}}],"collection":[{"href":"https:\/\/thomas-heuberg.de\/en\/wp-json\/wp\/v2\/pages"}],"about":[{"href":"https:\/\/thomas-heuberg.de\/en\/wp-json\/wp\/v2\/types\/page"}],"author":[{"embeddable":true,"href":"https:\/\/thomas-heuberg.de\/en\/wp-json\/wp\/v2\/users\/1"}],"replies":[{"embeddable":true,"href":"https:\/\/thomas-heuberg.de\/en\/wp-json\/wp\/v2\/comments?post=531"}],"version-history":[{"count":15,"href":"https:\/\/thomas-heuberg.de\/en\/wp-json\/wp\/v2\/pages\/531\/revisions"}],"predecessor-version":[{"id":994,"href":"https:\/\/thomas-heuberg.de\/en\/wp-json\/wp\/v2\/pages\/531\/revisions\/994"}],"wp:attachment":[{"href":"https:\/\/thomas-heuberg.de\/en\/wp-json\/wp\/v2\/media?parent=531"}],"curies":[{"name":"wp","href":"https:\/\/api.w.org\/{rel}","templated":true}]}}