{"id":839,"date":"2022-01-21T16:52:37","date_gmt":"2022-01-21T16:52:37","guid":{"rendered":"https:\/\/thomas-heuberg.de\/?page_id=839"},"modified":"2025-07-22T14:12:18","modified_gmt":"2025-07-22T14:12:18","slug":"laeufe","status":"publish","type":"page","link":"https:\/\/thomas-heuberg.de\/en\/laeufe","title":{"rendered":"Rifled Barrels"},"content":{"rendered":"<div data-elementor-type=\"wp-page\" data-elementor-id=\"839\" class=\"elementor elementor-839\">\n\t\t\t\t\t\t<section class=\"elementor-section elementor-top-section elementor-element elementor-element-869bb75 elementor-section-boxed elementor-section-height-default elementor-section-height-default\" data-id=\"869bb75\" data-element_type=\"section\">\n\t\t\t\t\t\t<div class=\"elementor-container elementor-column-gap-default\">\n\t\t\t\t\t<div class=\"elementor-column elementor-col-100 elementor-top-column elementor-element elementor-element-33df961\" data-id=\"33df961\" data-element_type=\"column\">\n\t\t\t<div class=\"elementor-widget-wrap elementor-element-populated\">\n\t\t\t\t\t\t<div class=\"elementor-element elementor-element-997ecc5 elementor-widget elementor-widget-heading\" data-id=\"997ecc5\" data-element_type=\"widget\" data-widget_type=\"heading.default\">\n\t\t\t\t<div class=\"elementor-widget-container\">\n\t\t\t\t\t<h2 class=\"elementor-heading-title elementor-size-large\">Rifled Barrels<\/h2>\t\t\t\t<\/div>\n\t\t\t\t<\/div>\n\t\t\t\t\t<\/div>\n\t\t<\/div>\n\t\t\t\t\t<\/div>\n\t\t<\/section>\n\t\t\t\t<section class=\"elementor-section elementor-top-section elementor-element elementor-element-2872fdc elementor-section-boxed elementor-section-height-default elementor-section-height-default\" data-id=\"2872fdc\" data-element_type=\"section\">\n\t\t\t\t\t\t<div class=\"elementor-container elementor-column-gap-default\">\n\t\t\t\t\t<div class=\"elementor-column elementor-col-100 elementor-top-column elementor-element elementor-element-75ffd01\" data-id=\"75ffd01\" data-element_type=\"column\">\n\t\t\t<div class=\"elementor-widget-wrap elementor-element-populated\">\n\t\t\t\t\t\t<div class=\"elementor-element elementor-element-b14369d elementor-widget elementor-widget-text-editor\" data-id=\"b14369d\" data-element_type=\"widget\" data-widget_type=\"text-editor.default\">\n\t\t\t\t<div class=\"elementor-widget-container\">\n\t\t\t\t\t\t\t\t\t<p class=\"western\" align=\"left\"><span style=\"font-size: 14pt;\">Our range of services:<\/span><\/p><p class=\"western\" align=\"left\"><span style=\"font-size: 14pt;\">- Barrels according to technical drawings or 3D models<\/span><\/p><p class=\"western\" align=\"left\"><span style=\"font-size: 14pt;\">- All calibers and twist rates<\/span><\/p><p class=\"western\" align=\"left\"><span style=\"font-size: 14pt;\">\u00a0<\/span><\/p><p class=\"western\" align=\"left\"><span style=\"font-size: 18.6667px;\">Benefits of our service:<\/span><\/p><p class=\"western\" align=\"left\"><span style=\"font-size: 14pt;\">- We use only certified, high-quality steel<\/span><\/p><p class=\"western\" align=\"left\"><span style=\"font-size: 14pt;\">- Our own custom CNC cut-rifle rifling machine, developed in-house<\/span><\/p><p class=\"western\" align=\"left\"><span style=\"font-size: 14pt;\">- Every step, excepting heat treatment, is completed in-house<\/span><\/p><p class=\"western\" align=\"left\"><span style=\"font-size: 18.6667px;\">\u00a0 <\/span><\/p>\t\t\t\t\t\t\t\t<\/div>\n\t\t\t\t<\/div>\n\t\t\t\t\t<\/div>\n\t\t<\/div>\n\t\t\t\t\t<\/div>\n\t\t<\/section>\n\t\t\t\t<section class=\"elementor-section elementor-top-section elementor-element elementor-element-bf0ad7d elementor-section-boxed elementor-section-height-default elementor-section-height-default\" data-id=\"bf0ad7d\" data-element_type=\"section\">\n\t\t\t\t\t\t<div class=\"elementor-container elementor-column-gap-default\">\n\t\t\t\t\t<div class=\"elementor-column elementor-col-100 elementor-top-column elementor-element elementor-element-99b1c3e\" data-id=\"99b1c3e\" data-element_type=\"column\">\n\t\t\t<div class=\"elementor-widget-wrap elementor-element-populated\">\n\t\t\t\t\t\t<div class=\"elementor-element elementor-element-513ce45 elementor-widget elementor-widget-image\" data-id=\"513ce45\" data-element_type=\"widget\" data-widget_type=\"image.default\">\n\t\t\t\t<div class=\"elementor-widget-container\">\n\t\t\t\t\t\t\t\t\t\t\t\t\t\t\t<img fetchpriority=\"high\" decoding=\"async\" width=\"2048\" height=\"860\" src=\"https:\/\/thomas-heuberg.de\/wp-content\/uploads\/2022\/01\/L\u00e4ufe-2048x860.jpg\" class=\"attachment-2048x2048 size-2048x2048 wp-image-865\" alt=\"\" srcset=\"https:\/\/thomas-heuberg.de\/wp-content\/uploads\/2022\/01\/L\u00e4ufe-2048x860.jpg 2048w, https:\/\/thomas-heuberg.de\/wp-content\/uploads\/2022\/01\/L\u00e4ufe-300x126.jpg 300w, https:\/\/thomas-heuberg.de\/wp-content\/uploads\/2022\/01\/L\u00e4ufe-1024x430.jpg 1024w, https:\/\/thomas-heuberg.de\/wp-content\/uploads\/2022\/01\/L\u00e4ufe-768x323.jpg 768w, https:\/\/thomas-heuberg.de\/wp-content\/uploads\/2022\/01\/L\u00e4ufe-1536x645.jpg 1536w, https:\/\/thomas-heuberg.de\/wp-content\/uploads\/2022\/01\/L\u00e4ufe-16x7.jpg 16w\" sizes=\"(max-width: 2048px) 100vw, 2048px\" \/>\t\t\t\t\t\t\t\t\t\t\t\t\t\t\t<\/div>\n\t\t\t\t<\/div>\n\t\t\t\t\t<\/div>\n\t\t<\/div>\n\t\t\t\t\t<\/div>\n\t\t<\/section>\n\t\t\t\t<section class=\"elementor-section elementor-top-section elementor-element elementor-element-8d7d33a elementor-section-boxed elementor-section-height-default elementor-section-height-default\" data-id=\"8d7d33a\" data-element_type=\"section\">\n\t\t\t\t\t\t<div class=\"elementor-container elementor-column-gap-default\">\n\t\t\t\t\t<div class=\"elementor-column elementor-col-100 elementor-top-column elementor-element elementor-element-f3fff1d\" data-id=\"f3fff1d\" data-element_type=\"column\">\n\t\t\t<div class=\"elementor-widget-wrap\">\n\t\t\t\t\t\t\t<\/div>\n\t\t<\/div>\n\t\t\t\t\t<\/div>\n\t\t<\/section>\n\t\t\t\t<section class=\"elementor-section elementor-top-section elementor-element elementor-element-6d619de elementor-section-boxed elementor-section-height-default elementor-section-height-default\" data-id=\"6d619de\" data-element_type=\"section\">\n\t\t\t\t\t\t<div class=\"elementor-container elementor-column-gap-default\">\n\t\t\t\t\t<div class=\"elementor-column elementor-col-100 elementor-top-column elementor-element elementor-element-305e86d\" data-id=\"305e86d\" data-element_type=\"column\">\n\t\t\t<div class=\"elementor-widget-wrap\">\n\t\t\t\t\t\t\t<\/div>\n\t\t<\/div>\n\t\t\t\t\t<\/div>\n\t\t<\/section>\n\t\t\t\t<\/div>","protected":false},"excerpt":{"rendered":"<p>Laufherstellung Unser Leistungsspektrum: &#8211; L\u00e4ufe nach Zeichnung oder 3D Daten &#8211; Alle Kaliber und Drall\u00e4ngen Vorteile unserer Fertigung: &#8211; Wir verwenden nur hochwertige St\u00e4hle mit Zertifikat &#8211; CNC spanabhebende Laufziehmaschine &#8211; Bis auf die W\u00e4rmebehandlung werden s\u00e4mtliche Arbeiten bei uns im Hause ausgef\u00fchrt<\/p>","protected":false},"author":1,"featured_media":0,"parent":0,"menu_order":0,"comment_status":"closed","ping_status":"closed","template":"","meta":{"footnotes":""},"class_list":["post-839","page","type-page","status-publish","hentry","post"],"_links":{"self":[{"href":"https:\/\/thomas-heuberg.de\/en\/wp-json\/wp\/v2\/pages\/839","targetHints":{"allow":["GET"]}}],"collection":[{"href":"https:\/\/thomas-heuberg.de\/en\/wp-json\/wp\/v2\/pages"}],"about":[{"href":"https:\/\/thomas-heuberg.de\/en\/wp-json\/wp\/v2\/types\/page"}],"author":[{"embeddable":true,"href":"https:\/\/thomas-heuberg.de\/en\/wp-json\/wp\/v2\/users\/1"}],"replies":[{"embeddable":true,"href":"https:\/\/thomas-heuberg.de\/en\/wp-json\/wp\/v2\/comments?post=839"}],"version-history":[{"count":21,"href":"https:\/\/thomas-heuberg.de\/en\/wp-json\/wp\/v2\/pages\/839\/revisions"}],"predecessor-version":[{"id":1019,"href":"https:\/\/thomas-heuberg.de\/en\/wp-json\/wp\/v2\/pages\/839\/revisions\/1019"}],"wp:attachment":[{"href":"https:\/\/thomas-heuberg.de\/en\/wp-json\/wp\/v2\/media?parent=839"}],"curies":[{"name":"wp","href":"https:\/\/api.w.org\/{rel}","templated":true}]}}